{"id":1049,"date":"2013-12-09T00:06:24","date_gmt":"2013-12-09T00:06:24","guid":{"rendered":"http:\/\/www.ubesplugues.com\/wordpress\/?page_id=1049"},"modified":"2018-02-24T10:04:00","modified_gmt":"2018-02-24T10:04:00","slug":"normativa-comercial","status":"publish","type":"page","link":"https:\/\/www.ube.cat\/web\/normativa-comercial\/","title":{"rendered":"Normativa comercial"},"content":{"rendered":"<p>Catalunya disposa d&#8217;una normativa comercial pr\u00f2pia que ens regula el comer\u00e7 interior i la defensa de les persones consumidores i usu\u00e0ries. Amb aquest petit recull normatiu volem ajudar-te a con\u00e9ixer la normativa b\u00e0sica que ha de complir el teu establiment. Per exercir l&#8217;activitat comercial, s&#8217;ha de complir la normativa general, en aquest recull hi trobar\u00e0s la major part d&#8217;aquestes normes tot i que en funci\u00f3 de l&#8217;activitat que es desenvolupi pot haver-ne d&#8217;altres d&#8217;obligat compliment.<\/p>\n<p><center>**********************************<\/center><\/p>\n<p><strong>Comprovants de compra<\/strong><\/p>\n<p>Els establiments comercials i de serveis tenen l&#8217;obligaci\u00f3 d&#8217;expedir un tiquet i una factura per qualsevol despesa que la persona consumidora efectu\u00ef. En aquests comprovants de compra ha de constar:<\/p>\n<p>-La identitat de l&#8217;empresa i el seu NIF<br \/>\n-El concepte facturat<br \/>\n-L&#8217;import total abonat (amb els impostos desglossats)<br \/>\n-La data de la venda<\/p>\n<p><strong>Decret Llei 1\/2009, de 28 de desembre, d&#8217;ordenaci\u00f3 dels equipaments comercials<\/strong><\/p>\n<p>http:\/\/www.gencat.cat\/diue\/ambits\/comerc\/equipaments_comercials\/index.html<\/p>\n<p>El Decret llei 1\/2009, de 22 de desembre, d&#8217;ordenaci\u00f3 dels equipaments comercials, t\u00e9 per finalitat regular l&#8217;ordenaci\u00f3 dels equipaments comercials a Catalunya i simplificar els seus procediments d&#8217;acord amb la Directiva 2006\/123\/CE del Parlament Europeu.<\/p>\n<p><center>**********************************<\/center><\/p>\n<p><strong>Etiquetatge<\/strong><\/p>\n<p>Les normatives sobre etiquetatge de productes s\u00f3n nombroses i v\u00e9nen regulades tant per l&#8217;administraci\u00f3 europea com per l&#8217;auton\u00f2mica i l&#8217;estatal.<\/p>\n<p>Alguns productes tenen l&#8217;obligaci\u00f3 d&#8217;indicar a l&#8217;etiqueta la data de caducitat, el lot de fabricaci\u00f3, la denominaci\u00f3, la quantitat, la categoria, la composici\u00f3 del producte, etc. D&#8217;altres han de portar les instruccions o els riscos del seu \u00fas. Cal consultar per cada producte o sector d&#8217;activitat quina normativa espec\u00edfica hi ha.<\/p>\n<p>Responsabilitat. En cas d&#8217;infracci\u00f3 en mat\u00e8ria d&#8217;etiquetatge. Se&#8217;n considera responsable la firma o ra\u00f3 social que figura en l&#8217;etiqueta. Es considera responsable d&#8217;aquesta infracci\u00f3 la persona que hagi comercialitzat el producte, si aquest no porta les dades necess\u00e0ries per identificar-ne els responsables. En el cas de productes a doll, es considera responsable d&#8217;aquesta infracci\u00f3 el tenidor del producte.<\/p>\n<p><center>**********************************<\/center><\/p>\n<p><strong>Fulls de reclamaci\u00f3<\/strong><\/p>\n<p>Tot establiment comercial i de serveis ha de tenir fulls oficials de reclamaci\u00f3\/denuncia a la disposici\u00f3 de les persones clientes i usu\u00e0ries (excepte els professionals obligats a col\u00b7legiar-se).<\/p>\n<p>Els fulls de reclamaci\u00f3 han d&#8217;estar disponibles en versi\u00f3 catalana, castellana i anglesa, i l&#8217;establiment ha de tenir en lloc visible el r\u00e8tol oficial de la Generalitat de Catalunya que anuncia que disposa de fulls de reclamaci\u00f3.<\/p>\n<p><center>**********************************<\/center><\/p>\n<p><strong>Horaris comercials<\/strong><\/p>\n<p>Els establiments comercials dedicats essencialment a la venda al p\u00fablic de mercaderies: horari general d&#8217;obertura al p\u00fablic de 72 hores setmanals, entre les 7&#8217;00h i les 22&#8217;00h, de dilluns a dissabte, amb l&#8217;obligaci\u00f3 de tancar diumenges i festius no espec\u00edficament autoritzats. Els establiments dedicats essencialment a la prestaci\u00f3 de serveis: horari d&#8217;obertura lliure.<\/p>\n<p><strong>Altres obligacions<\/strong><\/p>\n<p>Publicitat de l&#8217;horari adoptat. Dins dels par\u00e0metres establerts l&#8217;horari d&#8217;obertura i tancament dels establiments comercials \u00e9s lliure i tots els establiments comercials han d&#8217;exhibir l&#8217;horari adoptat de tal manera que sigui visible al p\u00fablic des de l&#8217;exterior de l&#8217;establiment. Els dies 24 i 31 de desembre els establiments comercials han d&#8217;avan\u00e7ar el seu horari de tancament a les 20&#8217;00h. i els dies 1 de gener, 1 de maig, 11 de setembre i 25 de desembre han de romandre tancats.<\/p>\n<p><strong>Excepcions generals<\/strong><\/p>\n<p>8 festius per a l&#8217;any 2009 que es determinen mitjan\u00e7ant l&#8217;Ordre corresponent, en que tots els comer\u00e7os poden romandre oberts al p\u00fablic. Aquests festius s\u00f3n: 4 i 11 de gener, 5 de juliol, 12 d&#8217;octubre i 6, 8, 13 i 20 de desembre.<\/p>\n<p>Tal i com preveu l&#8217;article 2 de l&#8217;Ordre de 23 de desembre de 2004, els ajuntaments poden substituir un o dos dels dies festius amb obertura comercial autoritzada que es detallen al par\u00e0graf anterior per una o dues de les seves festes locals. <\/p>\n<p>Els establiments dedicats essencialment a la venda de productes de pastisseria, rebosteria, xurreria, pa, plats preparats, premsa, flors i plantes i la venda de combustibles i carburants, no tenen cap limitaci\u00f3 per determinar l&#8217;horari d&#8217;obertura dels seus establiments al p\u00fablic. <\/p>\n<p>Tampoc tenen cap limitaci\u00f3 per determinar el seu horari d&#8217;obertura els establiments instal\u2022lats en punts fronterers, estacions i mitjans de transport terrestre, mar\u00edtim i aeri. <\/p>\n<p>Tampoc tenen cap limitaci\u00f3 els establiments comercials situats en locals o recintes d&#8217;aflu\u00e8ncia tur\u00edstica com ara museus, monuments i centre recreatius tur\u00edstics i que hi estiguin directament vinculats pel producte comercialitzat. <\/p>\n<p>Tampoc tenen cap limitaci\u00f3 els establiments comercials situats en establiments hotelers sempre que l&#8217;activitat que s&#8217;hi desenvolupi tingui car\u00e0cter permanent i no s&#8217;hi pugui accedir directament des del carrer. <\/p>\n<p>Els establiments de venda personalitzada o en r\u00e8gim d&#8217;autoservei els titulars dels quals s\u00f3n petites o mitjanes empreses comercials, sempre que la superf\u00edcie de venda no superi l&#8217;establerta per reglament per al format d&#8217;autoservei (150m2), com a m\u00e0xim, i tinguin una oferta orientada exclusivament a productes de compra quotidiana d&#8217;alimentaci\u00f3. Aquests establiments tenen l&#8217;obligaci\u00f3 d&#8217;avan\u00e7ar el seu horari de tancament a les 20&#8217;00h els dies 24 i 31 de desembre i han de romandre tancats els dies 1 de gener, 1 de maig, 11 de setembre i 25 de desembre. <\/p>\n<p>Les botigues de conveni\u00e8ncia. S\u00f3n establiments comercials amb una superf\u00edcie de venda inferior a 500m2 i que distribueixen la seva oferta, de manera similar, entre tots i cadascun dels seg\u00fcents grups d&#8217;articles: -llibres, diaris i revistes-; -productes d&#8217;alimentaci\u00f3; -discos i v\u00eddeos-; i -joguines, regals i articles diversos-. Aquests establiments han de romandre oberts al p\u00fablic divuit hores al dia com a m\u00ednim. Aquests establiments tamb\u00e9 hauran d&#8217;avan\u00e7ar el seu horari de tancament a les 20&#8217;00h els dies 24 i 31 de desembre i han de romandre tancats els dies 1 de gener, 1 de maig, 11 de setembre i 25 de desembre.<\/p>\n<p><strong>Excepcions especials<\/strong><\/p>\n<p>Algunes poblacions com Castelldefels estan considerades municipi tur\u00edstic i per tant, est\u00e0 incl\u00f2s dins de l&#8217;excepci\u00f3 a).<\/p>\n<p>Les seg\u00fcents excepcions nom\u00e9s podran ser aplicables quan hagin estat degudament autoritzades per l&#8217;administraci\u00f3 competent d&#8217;acord amb el que estableix la Llei 8\/2004, de 23 de desembre, d&#8217;horaris comercials.<\/p>\n<p>a) Establiments comercials situats en municipis considerats com a tur\u00edstics a efectes d&#8217;horaris comercials que en tot cas hauran d&#8217;avan\u00e7ar el seu horari de tancament a les 20&#8217;00h els dies 24 i 31 de desembre i han de romandre tancats els dies 1 de gener, 1 de maig, 11 de setembre i 25 de desembre.<br \/>\nb) Establiments comercials situats a l&#8217;entorn immediat dels mercats de marxants durant el mateix horari en qu\u00e8 es faci el mercat.<br \/>\nc) Establiments comercials de menys de 150m2 situats en municipis de menys de 5.000 habitants.<\/p>\n<p><center>**********************************<\/center><\/p>\n<p><strong>Lleis rellevants<\/strong><\/p>\n<p>-Decret legislatiu 1\/1993, sobre comer\u00e7 interior<br \/>\n-Llei 3\/1993, de 5 de mar\u00e7, de l&#8217;estatut del consumidor<br \/>\n-Llei 1\/1998, de 7 de gener de pol\u00edtica ling\u00fc\u00edstica<br \/>\n-Llei 7\/1996, de 15 de gener, d&#8217;ordenaci\u00f3 del comer\u00e7 minorista; Llei 47\/2002, de reforma de la Llei 7\/1996, de 15 de gener<br \/>\n-Decret 150\/1996, de 30 d&#8217;abril, pel qual s&#8217;estableixen els per\u00edodes de rebaixes<br \/>\n-Llei 8\/2004, de 23 de desembre, d&#8217;horaris comercials; llei 17\/2005, de 27 de desembre de modificaci\u00f3 de la Llei 8\/2004, de 23 de desembre<\/p>\n<p><center>**********************************<\/center><\/p>\n<p><strong>Marc normatiu aplicable a les relacions de consum<\/strong><\/p>\n<p><a href=\"http:\/\/www.castelldefels.org\/fitxers\/DocumentsArees\/documentsarea_2485_pmp_pdf@04072011110419.pdf\" target=\"_blank\" rel=\"noopener noreferrer nofollow\">Haz clic para acceder a documentsarea_2485_pmp_pdf@04072011110419.pdf<\/a><\/p>\n<p><center>**********************************<\/center><\/p>\n<p><strong>Normativa ling\u00fc\u00edstica<\/strong><\/p>\n<p><strong>En l&#8217;atenci\u00f3 al p\u00fablic<\/strong><\/p>\n<p>Les empreses i els establiments dedicats a la venda de productes o a la prestaci\u00f3 de serveis que desenvolupen la seva activitat a Catalunya han d&#8217;estar en condicions de poder atendre els consumidor si consumidores en qualsevol de les lleng\u00fces oficials a Catalunya. La persona consumidora t\u00e9 dret, per tant a ser atesa tant en catal\u00e0 com en castell\u00e0, i no se la pot fer canviar de llengua, si no vol.<\/p>\n<p><strong>En el teu establiment has de tenir almenys en catal\u00e0:<\/strong><\/p>\n<p>-La senyalitzaci\u00f3 i els cartells d&#8217;informaci\u00f3 general de car\u00e0cter fix, siguin a l&#8217;aparador, a l&#8217;interior o a l&#8217;exterior de l&#8217;establiment (r\u00e8tol exterior, r\u00e8tol d&#8217;horaris comercials&#8230;)<\/p>\n<p>-Documents d&#8217;oferta de serveis (cat\u00e0legs, prospectes, fullets de venda de productes, promocions, cartes de restaurant, men\u00fas, etc&#8230;)<\/p>\n<p><strong>Segons l&#8217;activitat del teu establiment<\/strong><\/p>\n<p>Hi ha sectors d&#8217;activitat que tenen normatives espec\u00edfiques pel que fa a l&#8217;\u00fas del catal\u00e0. Informa&#8217;t de la normativa ling\u00fc\u00edstica espec\u00edfica del teu sector.<\/p>\n<p><center>**********************************<\/center><\/p>\n<p><strong>NOTA INFORMATIVA ALS EMPRESARIS I COMERCIANTS COM A CONSEQ\u00dc\u00c8NCIA DE L&#8217;ENTRADA EN VIGOR DE LA LLEI 22\/2010, DE 20 DE JULIOL, DEL CODI DE CONSUM DE CATALUNYA<\/strong><\/p>\n<p><a href=\"http:\/\/www.castelldefels.org\/fitxers\/DocumentsArees\/documentsarea_2606_pmp_pdf@23092011183127.pdf\" target=\"_blank\" rel=\"noopener noreferrer nofollow\">Haz clic para acceder a documentsarea_2606_pmp_pdf@23092011183127.pdf<\/a><\/p>\n<p><center>**********************************<\/center><\/p>\n<p><strong>Pagament<\/strong><\/p>\n<p>Els establiments comercials i de serveis sempre estan obligats a admetre diners en curs legal i a tenir canvi. Igualment han d&#8217;admetre els mitjans de pagament que ells indiquen en el seu establiment, que han de ser visibles fins i tot quan l&#8217;establiment estigui tancat. En defecte de publicitat, el pagament sempre \u00e9s al comptat.<\/p>\n<p>No hi pot haver discriminacions per ra\u00f3 del es formes de pagament.<\/p>\n<p><center>**********************************<\/center><\/p>\n<p><strong>Per\u00edodes de rebaixes<\/strong><\/p>\n<p>S&#8217;ent\u00e9n per venda en rebaixes quan els articles objecte de la mateixa s&#8217;ofereixen, en el mateix establiment en el que habitualment s&#8217;exerceix l&#8217;activitat comercial, a un preu inferior al fixat abans de l&#8217;esmentada venda. No es venda en rebaixes la d&#8217;aquells productes no posats a la venda en condicions de preu ordinari amb anterioritat, aix\u00ed com la dels productes deteriorats o adquirits a l&#8217;objecte de ser venuts a preu inferior a l&#8217;ordinari. Per fer venda en rebaixes, no cal cap autoritzaci\u00f3 ni comunicaci\u00f3 a l&#8217;administraci\u00f3, nom\u00e9s el compliment estricte de les condicions indicades. La venda en rebaixes \u00e9s una pr\u00e0ctica comercial opcional que durant la temporada de rebaixes es por dur a terme, o no, i amb la durada que s&#8217;estimi convenient (m\u00e0xim dos mesos).<\/p>\n<p>No es pot comen\u00e7ar fent algun tipus de venda promocional i enlla\u00e7ar- la amb la venda en rebaixes o viceversa especialment quan la venda promocional consisteixi, com sol ser el m\u00e9s habitual, en vendre articles a preu inferior al seu preu ordinari, at\u00e8s que es considera ampliaci\u00f3 de la venda en rebaixes m\u00e9s enll\u00e0 dels per\u00edodes legalment autoritzats.<\/p>\n<p><strong>Condicions per a la venda<\/strong><\/p>\n<p>1) La venda en rebaixes nom\u00e9s es pot dur a terme en les temporades legalment autoritzades, una a l&#8217;hivern i una altra a l&#8217;estiu, amb una durada m\u00e0xima de dos mesos.<br \/>\n2) Les reduccions de preu han de consignar-se exhibint al costat del preu habitual el preu rebaixat.<br \/>\n3) Els productes han d&#8217;haver estat a la venda abans de la temporada de rebaixes.<\/p>\n<p><strong>Temporades de rebaixes<\/strong><\/p>\n<p>-Hivern: els dies comercialment h\u00e0bils per a l&#8217;establiment compresos entre el 7 de gener i el 6 de mar\u00e7, ambd\u00f3s inclosos.<br \/>\n-Estiu: els dies comercialment h\u00e0bils per a l&#8217;establiment compresos entre l&#8217;1 de juliol i el 31 d&#8217;agost, ambd\u00f3s inclosos.<\/p>\n<p><center>**********************************<\/center><\/p>\n<p><strong>Preus<\/strong><\/p>\n<p>En un establiment comercial \u00e9s obligatori indicar el preu de venda de tots els productes exposats, precedit de la sigla PVP, mitjan\u00e7ant cartells o etiquetes visibles. S&#8217;ha d&#8217;exposar el preu complet o final del producte, incloent-hi els impostos i les despeses de tramesa si n&#8217;hi ha. Igualment en el cas d&#8217;establiments de serveis, com ara perruqueries, bars, ag\u00e8ncies de viatges, etc, el preu s&#8217;ha d&#8217;exposar de forma visible per a la poblaci\u00f3 consumidora i usu\u00e0ria.<\/p>\n<p>Cal saber, tamb\u00e9 que en productes a granel s&#8217;ha d&#8217;indicar el preu per unitat de mesura (quilo, litre, metre, etc) i que el preu s&#8217;ha de referir sempre al pes net del producte. En productes comercialitzats per unitats o peces, a m\u00e9s del preu unitari del producte s&#8217;ha de posar el preu amb refer\u00e8ncia a la unitat de mesura.<\/p>\n<p><center>**********************************<\/center><\/p>\n<p><strong>Retolaci\u00f3, tendals, marquesines i banderoles<\/strong><\/p>\n<p>Segons la Llei 1\/1998, de 7 de gener, de pol\u00edtica ling\u00fc\u00edstica, tots els r\u00e8tols de car\u00e0cter fix de l&#8217;establiment, tant interiors (per exemple, caixa, sortida) com exteriors ( pastisseria, forn, etc.), han de ser redactats com a m\u00ednim en catal\u00e0. Aquesta normativa no s&#8217;aplica a les marques, als noms comercials i als r\u00e8tols emparats per la legislaci\u00f3 de la propietat industrial:<\/p>\n<p>-Fruiteria Bona Compra<br \/>\n-Restaurant My Friends<\/p>\n","protected":false},"excerpt":{"rendered":"<p>Catalunya disposa d&#8217;una normativa comercial pr\u00f2pia que ens regula el comer\u00e7 interior i la defensa de les persones consumidores i usu\u00e0ries. Amb aquest petit recull normatiu volem ajudar-te a con\u00e9ixer la normativa b\u00e0sica que ha de complir el teu establiment. Per exercir l&#8217;activitat comercial, s&#8217;ha de complir la normativa general, en aquest recull hi trobar\u00e0s&#8230;<\/p>\n<p class=\"more-link\"><a href=\"https:\/\/www.ube.cat\/web\/normativa-comercial\/\" class=\"themebutton\">Read More<\/a><\/p>\n","protected":false},"author":1,"featured_media":0,"parent":0,"menu_order":0,"comment_status":"closed","ping_status":"closed","template":"","meta":{"jetpack_post_was_ever_published":false},"categories":[],"tags":[],"jetpack_sharing_enabled":true,"jetpack_shortlink":"https:\/\/wp.me\/P9FdUF-gV","_links":{"self":[{"href":"https:\/\/www.ube.cat\/web\/wp-json\/wp\/v2\/pages\/1049"}],"collection":[{"href":"https:\/\/www.ube.cat\/web\/wp-json\/wp\/v2\/pages"}],"about":[{"href":"https:\/\/www.ube.cat\/web\/wp-json\/wp\/v2\/types\/page"}],"author":[{"embeddable":true,"href":"https:\/\/www.ube.cat\/web\/wp-json\/wp\/v2\/users\/1"}],"replies":[{"embeddable":true,"href":"https:\/\/www.ube.cat\/web\/wp-json\/wp\/v2\/comments?post=1049"}],"version-history":[{"count":1,"href":"https:\/\/www.ube.cat\/web\/wp-json\/wp\/v2\/pages\/1049\/revisions"}],"predecessor-version":[{"id":3172,"href":"https:\/\/www.ube.cat\/web\/wp-json\/wp\/v2\/pages\/1049\/revisions\/3172"}],"wp:attachment":[{"href":"https:\/\/www.ube.cat\/web\/wp-json\/wp\/v2\/media?parent=1049"}],"wp:term":[{"taxonomy":"category","embeddable":true,"href":"https:\/\/www.ube.cat\/web\/wp-json\/wp\/v2\/categories?post=1049"},{"taxonomy":"post_tag","embeddable":true,"href":"https:\/\/www.ube.cat\/web\/wp-json\/wp\/v2\/tags?post=1049"}],"curies":[{"name":"wp","href":"https:\/\/api.w.org\/{rel}","templated":true}]}}